{"id":31,"date":"2015-12-04T13:33:40","date_gmt":"2015-12-04T12:33:40","guid":{"rendered":"http:\/\/test.kontor.consulting\/ini-hl-land\/?page_id=31"},"modified":"2020-03-09T14:18:08","modified_gmt":"2020-03-09T13:18:08","slug":"schmutzwasserbeseitigung","status":"publish","type":"page","link":"https:\/\/ini-hl-land.de\/?page_id=31","title":{"rendered":"Schmutzwasserbeseitigung"},"content":{"rendered":"<p>2015 \/ 2016 soll in Kronsforde der 3. Bauabschnitt der zentralen Schmutzwasserbeseitigung gebaut werden. Alle Haushalte sollen an die Kanalisation angeschlossen werden. In Kronsforde sind davon weite Bereiche der Kronsforder Hauptstra\u00dfe und die Stra\u00dfen Altenfeld, Otternweg und Iltisweg betroffen. In B\u00fcssau beginnen die Bauarbeiten vermutlich etwas sp\u00e4ter.<\/p>\n<p>Am 18.02.2014 wurden die Anwohner des 3. Bauabschnittes in Kronsforde zu einer Informationsveranstaltung eingeladen. Das \u00f6ffentliche Interesse an Informationen zu den geplanten Bauma\u00dfnahmen zur Schmutzwasserkanalisation in Kronsforde ist gro\u00df. Die Menschen wollen wissen, was ihnen die Ma\u00dfnahme kostet und wann es los geht. Auch die technische Ausf\u00fchrung wird hinterfragt, die Abf\u00fchrung des Regenwassers von der Stra\u00dfe und die maroden Stra\u00dfenoberfl\u00e4chen. Schon seit einem Jahr wartet der gemeinn\u00fctzige B\u00fcrgerverein \u201eInitiative f\u00fcr L\u00fcbecks l\u00e4ndlichen Raum e. V.\u201c auf Informationen. Und immer wieder wurde die Teilnahme der Verkehrsplaner angemahnt, damit auch \u00fcber die unbefestigten Stra\u00dfen und den Regenwasserabfluss informiert werden kann.<\/p>\n<p>Der Direktor der EBL, Herr Dr. Verwey hat mit seinen Fachleuten redlich informiert und Fragen beantwortet. Die Menschen wissen, dass erhebliche Kosten auf sie zukommen. Manche haben erst vor wenigen Jahren in eine Biologische Kl\u00e4ranlage investiert. Dennoch bleibt ein fader Beigeschmack. Vielen Dank an die Entsorgungsbetriebe f\u00fcr die Eigent\u00fcmerinformation. Aber B\u00fcrgerbeteiligung geht anders.<\/p>\n<p><a href=\"http:\/\/ini-hl-land.de\/wp-content\/uploads\/2015\/01\/Einwohnerversammlung.jpg\"><img decoding=\"async\" class=\" size-medium wp-image-889 alignright\" src=\"http:\/\/ini-hl-land.de\/wp-content\/uploads\/2015\/01\/Einwohnerversammlung-300x147.jpg\" alt=\"Einwohnerversammlung\" width=\"300\" height=\"147\" srcset=\"https:\/\/ini-hl-land.de\/wp-content\/uploads\/2015\/01\/Einwohnerversammlung-300x147.jpg 300w, https:\/\/ini-hl-land.de\/wp-content\/uploads\/2015\/01\/Einwohnerversammlung-1024x503.jpg 1024w, https:\/\/ini-hl-land.de\/wp-content\/uploads\/2015\/01\/Einwohnerversammlung-960x471.jpg 960w\" sizes=\"(max-width: 300px) 100vw, 300px\" \/><\/a>Niemand wehrt sich gegen sinnvolle Ma\u00dfnahmen. Aber bei fachkundigen Einwohnern gibt es Fragen zur grunds\u00e4tzlichen L\u00f6sung. Kronsforde liegt auf einem Sandh\u00fcgel. Statt den \u00dcbergabepunkt f\u00fcr das Schmutzwasser am tiefsten Niveau zu legen, wurde eine h\u00f6her gelegene Fl\u00e4che gew\u00e4hlt. Dies hat zur Folge, dass in weiten Bereichen die Hausanschl\u00fcsse mit Pumpen versehen werden m\u00fcssen. Eine teure L\u00f6sung f\u00fcr die betroffenen Haushalte. Doch f\u00fcr Ver\u00e4nderungen ist der Zeitpunkt der Eigent\u00fcmerinformation zu sp\u00e4t. Da gibt es aus fachlicher Sicht tats\u00e4chlich Ans\u00e4tze, es anders besser gemacht zu haben. Doch inzwischen sind Fakten geschaffen worden und Korrekturen nicht mehr m\u00f6glich. Hier h\u00e4tte eine Einwohnerinformation vor den ersten Bauma\u00dfnahmen stattfinden m\u00fcssen, um berechtigte und sinnvolle\u00a0Anregungen ernsthaft zu pr\u00fcfen.<\/p>\n<p>Die Fragen zur Ausgestaltung der Stra\u00dfenoberfl\u00e4chen und zur Regenwasserf\u00fchrung blieben unbeantwortet. \u201eWir stellen Ihre Schlagl\u00f6cher so wieder her, wie wir sie vorfinden.\u201c stellt Abteilungsleiter Gerstmann flapsig fest. \u201eDaf\u00fcr sind die Verkehrsleute zust\u00e4ndig und die sind heute leider nicht hier.\u201c<\/p>\n<p>Tats\u00e4chlich ist nicht nachzuvollziehen, warum der Fachbereich Verkehr der Bitte um Teilnahme bei dieser Veranstaltung nicht gefolgt ist. Hier wird mit dem Totschlagargument \u201eEs ist kein Geld da.\u201c einer rechtzeitigen Auseinandersetzung zum Umgang mit den Bestandsstra\u00dfen aus dem Wege gegangen. Die Oberfl\u00e4chen wieder so her zu stellen wie sie sind, geht nicht. Im Zuge dieser Bauma\u00dfnahme muss eine Regenwasserf\u00fchrung vorgesehen werden. Wie geht man mit den wenigen vorhandenen Rinnsteinen um? Welche tats\u00e4chlichen Kosten entst\u00fcnden durch eine Asphaltierung der verbleibenden Sandstra\u00dfen und welche laufenden erh\u00f6hten Unterhaltungskosten k\u00f6nnten dann eingespart werden?<\/p>\n<p>Diesen Fragen wollen die Einwohner weiterhin nachgehen. Und mahnen weiterhin eine B\u00fcrgerbeteiligung durch den Bereich Bau an. Wir wollen keine teure Luxusl\u00f6sung. Vielmehr geht es darum im Vorwege\u00a0 wichtige Fragen zu kl\u00e4ren, bevor kostspielige und wenig sinnvolle L\u00f6sungen drauf los gebaut werden. Kommunikation und Kooperation n\u00fctzt der Bauma\u00dfnahme.<\/p>\n","protected":false},"excerpt":{"rendered":"<p>2015 \/ 2016 soll in Kronsforde der 3. Bauabschnitt der zentralen Schmutzwasserbeseitigung gebaut werden. Alle Haushalte sollen an die Kanalisation angeschlossen werden. In Kronsforde sind davon weite Bereiche der Kronsforder Hauptstra\u00dfe und die Stra\u00dfen Altenfeld, Otternweg und Iltisweg betroffen. In B\u00fcssau beginnen die Bauarbeiten vermutlich etwas sp\u00e4ter. Am 18.02.2014 wurden die Anwohner des 3. Bauabschnittes [&hellip;]<\/p>\n","protected":false},"author":3,"featured_media":0,"parent":0,"menu_order":0,"comment_status":"closed","ping_status":"closed","template":"template-page-fullwidth.php","meta":{"ocean_post_layout":"","ocean_both_sidebars_style":"","ocean_both_sidebars_content_width":0,"ocean_both_sidebars_sidebars_width":0,"ocean_sidebar":"","ocean_second_sidebar":"","ocean_disable_margins":"enable","ocean_add_body_class":"","ocean_shortcode_before_top_bar":"","ocean_shortcode_after_top_bar":"","ocean_shortcode_before_header":"","ocean_shortcode_after_header":"","ocean_has_shortcode":"","ocean_shortcode_after_title":"","ocean_shortcode_before_footer_widgets":"","ocean_shortcode_after_footer_widgets":"","ocean_shortcode_before_footer_bottom":"","ocean_shortcode_after_footer_bottom":"","ocean_display_top_bar":"default","ocean_display_header":"default","ocean_header_style":"","ocean_center_header_left_menu":"","ocean_custom_header_template":"","ocean_custom_logo":0,"ocean_custom_retina_logo":0,"ocean_custom_logo_max_width":0,"ocean_custom_logo_tablet_max_width":0,"ocean_custom_logo_mobile_max_width":0,"ocean_custom_logo_max_height":0,"ocean_custom_logo_tablet_max_height":0,"ocean_custom_logo_mobile_max_height":0,"ocean_header_custom_menu":"","ocean_menu_typo_font_family":"","ocean_menu_typo_font_subset":"","ocean_menu_typo_font_size":0,"ocean_menu_typo_font_size_tablet":0,"ocean_menu_typo_font_size_mobile":0,"ocean_menu_typo_font_size_unit":"px","ocean_menu_typo_font_weight":"","ocean_menu_typo_font_weight_tablet":"","ocean_menu_typo_font_weight_mobile":"","ocean_menu_typo_transform":"","ocean_menu_typo_transform_tablet":"","ocean_menu_typo_transform_mobile":"","ocean_menu_typo_line_height":0,"ocean_menu_typo_line_height_tablet":0,"ocean_menu_typo_line_height_mobile":0,"ocean_menu_typo_line_height_unit":"","ocean_menu_typo_spacing":0,"ocean_menu_typo_spacing_tablet":0,"ocean_menu_typo_spacing_mobile":0,"ocean_menu_typo_spacing_unit":"","ocean_menu_link_color":"","ocean_menu_link_color_hover":"","ocean_menu_link_color_active":"","ocean_menu_link_background":"","ocean_menu_link_hover_background":"","ocean_menu_link_active_background":"","ocean_menu_social_links_bg":"","ocean_menu_social_hover_links_bg":"","ocean_menu_social_links_color":"","ocean_menu_social_hover_links_color":"","ocean_disable_title":"default","ocean_disable_heading":"default","ocean_post_title":"","ocean_post_subheading":"","ocean_post_title_style":"","ocean_post_title_background_color":"","ocean_post_title_background":0,"ocean_post_title_bg_image_position":"","ocean_post_title_bg_image_attachment":"","ocean_post_title_bg_image_repeat":"","ocean_post_title_bg_image_size":"","ocean_post_title_height":0,"ocean_post_title_bg_overlay":0.5,"ocean_post_title_bg_overlay_color":"","ocean_disable_breadcrumbs":"default","ocean_breadcrumbs_color":"","ocean_breadcrumbs_separator_color":"","ocean_breadcrumbs_links_color":"","ocean_breadcrumbs_links_hover_color":"","ocean_display_footer_widgets":"default","ocean_display_footer_bottom":"default","ocean_custom_footer_template":"","footnotes":""},"class_list":["post-31","page","type-page","status-publish","hentry","entry"],"_links":{"self":[{"href":"https:\/\/ini-hl-land.de\/index.php?rest_route=\/wp\/v2\/pages\/31","targetHints":{"allow":["GET"]}}],"collection":[{"href":"https:\/\/ini-hl-land.de\/index.php?rest_route=\/wp\/v2\/pages"}],"about":[{"href":"https:\/\/ini-hl-land.de\/index.php?rest_route=\/wp\/v2\/types\/page"}],"author":[{"embeddable":true,"href":"https:\/\/ini-hl-land.de\/index.php?rest_route=\/wp\/v2\/users\/3"}],"replies":[{"embeddable":true,"href":"https:\/\/ini-hl-land.de\/index.php?rest_route=%2Fwp%2Fv2%2Fcomments&post=31"}],"version-history":[{"count":4,"href":"https:\/\/ini-hl-land.de\/index.php?rest_route=\/wp\/v2\/pages\/31\/revisions"}],"predecessor-version":[{"id":2086,"href":"https:\/\/ini-hl-land.de\/index.php?rest_route=\/wp\/v2\/pages\/31\/revisions\/2086"}],"wp:attachment":[{"href":"https:\/\/ini-hl-land.de\/index.php?rest_route=%2Fwp%2Fv2%2Fmedia&parent=31"}],"curies":[{"name":"wp","href":"https:\/\/api.w.org\/{rel}","templated":true}]}}