{"id":29,"date":"2015-12-04T13:33:13","date_gmt":"2015-12-04T12:33:13","guid":{"rendered":"http:\/\/test.kontor.consulting\/ini-hl-land\/?page_id=29"},"modified":"2016-07-01T13:37:18","modified_gmt":"2016-07-01T11:37:18","slug":"kultur","status":"publish","type":"page","link":"https:\/\/ini-hl-land.de\/?page_id=29","title":{"rendered":"Kultur"},"content":{"rendered":"<p><strong>Sommerateliers 2016 in der Saalgalerie von Rainer Wiedemann<\/strong><\/p>\n<p>Mit \u201eSommerateliers 2016\u201c pr\u00e4sentiert sich die Kunst Schleswig-Holsteins auch in diesem Jahr<br \/>\nwieder in ihrer ganzen Vielfalt:<br \/>\nAm<strong> 20. und 21. August 2016<\/strong> \u00f6ffnen die Mitglieder der Landesverb\u00e4nde f\u00fcr angewandte und bildende Kunst ihre Ateliers dem interessierten Publikum.<br \/>\nPartner des Kooperationsprojektes sind die k\u00fcnstlerischen Berufsverb\u00e4nde: Berufsverband Angewandte Kunst Schleswig-Holstein\/BAK, Bund Bildender K\u00fcnstler Schleswig-Holstein\/BBK, und der Gemeinschaft Deutscher und \u00d6sterreichischer K\u00fcnstlerinnen aller Kunstgattungen\/GEDOK . \u201cSommerateliers 2016\u201c wird unterst\u00fctzt vom Ministerium f\u00fcr Justiz, Kultur und Europa des Landes Schleswig-Holstein.<br \/>\nIn der Regel wird Kunst von Museen oder Galerien \u00f6ffentlich pr\u00e4sentiert, Informationen zum Werk und den Personen dahinter werden indirekt und aus der Distanz vermittelt.<br \/>\n\u201eSommerateliers 2016\u201c bieten die M\u00f6glichkeit zum Dialog und der zwanglosen Begegnung mit den K\u00fcnstlern und ihren Arbeiten, geben Einblick in Schaffensprozesse und das k\u00fcnstlerische Umfeld.<br \/>\n\u00dcber 100 K\u00fcnstlerInnen zeigen in ihren Ateliers, Werkst\u00e4tten und Galerien ein breites Spektrum aus den Bereichen Metall, Keramik, Holz, Textil, Glas, Papier, Malerei, Grafik, Skulptur, Foto\/Video, Objekt und Installation. Und genau so vielf\u00e4ltig sind auch die Orte, an denen sich K\u00fcnstlerInnen im ganzen Land niedergelassen haben.<br \/>\nAb Juli 2016 wird landesweit das Faltblatt \u201eSommerateliers 2016\u201c erh\u00e4ltlich sein, das die Planung ihrer individuellen Tour durch Schleswig-Holstein unterst\u00fctzen soll. Eine Karte gibt Ihnen einen \u00dcberblick in welchen Landkreisen K\u00fcnstler ihre Ateliers f\u00fcr Sie ge\u00f6ffnet haben. In der Liste erfahren Sie die Adresse, das Gewerk oder die Kunstsparte und ob in den Ateliers noch weitere Gastaussteller zu sehen sind.<br \/>\nAu\u00dferdem wird mit einem Plakat landesweit auf die Veranstaltung hingewiesen.<br \/>\nDie f\u00fcr Smartphones taugliche Website www.sommerateliers-sh.de erm\u00f6glicht eine Suche nach TeilnehmerInnen in den unterschiedlichen Regionen und Genres auch von unterwegs. Auf den Websites der K\u00fcnstlerInnen k\u00f6nnen sie sich dar\u00fcber hinaus \u00fcber weitere Angebote in den Ateliers an diesem Wochenende oder abweichende \u00d6ffnungszeiten informieren.<br \/>\nBegeben Sie sich auch 2016 wieder auf eine abwechslungsreiche Entdeckungstour durch Schleswig-Holstein, die K\u00fcnstler der \u201eSommerateliers 2016\u201c freuen sich \u00fcber Ihren Besuch.<\/p>\n<p>&nbsp;<\/p>\n<p><strong>Wanderausstellung &#8222;Frieden im Land &#8211; 70 Jahre nach 45&#8220;<\/strong><\/p>\n<p>Vernissage am 15.11.2015, 11 Uhr in der Saalgalerie von Rainer Wiedemann<\/p>\n<p>BILD FRIEDENSPLAKAT 003????<\/p>\n<p>&nbsp;<\/p>\n<p><strong>Kultursommertag am Kanal in Kronsforde am 29. August 2015<\/strong><\/p>\n<p>Nachdem sich in den letzten Jahren der Kultursommer am Kanal allein auf das Gebiet des Kreises Herzogtum Lauenburg beschr\u00e4nkt hat, soll es f\u00fcr die L\u00fcbecker Kunst- und Kulturschaffenden, Vereine und Institutionen aus der Region einen Kultursommertag am Kanal geben, um sich zu pr\u00e4sentieren und mit ihren Anliegen die Menschen in der Region zu erreichen. Wir w\u00fcnschen uns Einblicke in die Potentiale der Menschen in L\u00fcbecks S\u00fcden, unterhaltsame Darbietungen mit Musik, Kunst, Geschichten, Aktionen, Gespr\u00e4chen, neuen Kontakten, N\u00fctzlichem. Interessant, kurzweilig und erfrischend. Wenn Sie als Kunst- und Kulturschaffender oder als Verein, Institution oder Einrichtung Interesse und Spass an einer Pr\u00e4sentation haben, sprechen Sie mich gerne an. Ich freue mich auf viele gute Ideen.<\/p>\n<p>Wir freuen uns sehr \u00fcber die Unterst\u00fctzung der Hansestadt L\u00fcbeck. Die Schirmherrschaft der Veranstaltung hat Frau Kultursenatorin Kathrin Weiher \u00fcbernommen. Wir zeigen hierdurch die enge Verbundenheit der Dorfschaften zur Hansestadt L\u00fcbeck.<\/p>\n<p>Detlev Stolzenberg 04508-4669353 oder 0163-6352000<\/p>\n<p>&nbsp;<\/p>\n<p><strong>Buchprojekt \u00fcber die Entwicklung der Landwirtschaft in Schleswig-Holstein<\/strong><\/p>\n<p>Rainer Wiedemann schreibt zurzeit ein Buch \u00fcber die Entwicklung der Landwirtschaft in Schleswig-Holstein ab 1945. Der Buchinhalt soll neben einer historischen Zusammenfassung viele Interviews mit Landwirten aller Ausrichtungen aus der weiten Umgebung L\u00fcbecks und punktuell (und vergleichsweise) bis in alle Landesecken von Schlewig-Holsteins geben. Das ganze soll stark bebildert werden mit historischen Aufnahmen und auch vielen eigenen Aufnahmen \u00fcber die H\u00f6fe und \u00fcber moderne Ernteger\u00e4te\/techniken. Bisher habe ich 48 Interviews mit Landwirten um L\u00fcbeck bis an die Grenzen Hamburgs, von Fehmarn bis an die Westk\u00fcste gef\u00fchrt. Auf Nachfrage erl\u00e4utere ich gerne detaillierter mein Vorhaben und die Zielsetzungen.<\/p>\n<p>Wer noch Landwirte kennt, die f\u00fcr das geplante Buch gerne mitmachen w\u00fcrden, oder selbst Landwirt ist und Lust hat, sich mit mir einmal zu treffen, der melde sich doch bitte bei mir telefonisch unter 04508 &#8211; 7484 oder unter meiner Mail-Adresse SaalgalerieRW@t-online.de<\/p>\n","protected":false},"excerpt":{"rendered":"<p>Sommerateliers 2016 in der Saalgalerie von Rainer Wiedemann Mit \u201eSommerateliers 2016\u201c pr\u00e4sentiert sich die Kunst Schleswig-Holsteins auch in diesem Jahr wieder in ihrer ganzen Vielfalt: Am 20. und 21. August 2016 \u00f6ffnen die Mitglieder der Landesverb\u00e4nde f\u00fcr angewandte und bildende Kunst ihre Ateliers dem interessierten Publikum. Partner des Kooperationsprojektes sind die k\u00fcnstlerischen Berufsverb\u00e4nde: Berufsverband Angewandte [&hellip;]<\/p>\n","protected":false},"author":3,"featured_media":0,"parent":0,"menu_order":0,"comment_status":"closed","ping_status":"closed","template":"template-page-fullwidth.php","meta":{"ocean_post_layout":"","ocean_both_sidebars_style":"","ocean_both_sidebars_content_width":0,"ocean_both_sidebars_sidebars_width":0,"ocean_sidebar":"","ocean_second_sidebar":"","ocean_disable_margins":"enable","ocean_add_body_class":"","ocean_shortcode_before_top_bar":"","ocean_shortcode_after_top_bar":"","ocean_shortcode_before_header":"","ocean_shortcode_after_header":"","ocean_has_shortcode":"","ocean_shortcode_after_title":"","ocean_shortcode_before_footer_widgets":"","ocean_shortcode_after_footer_widgets":"","ocean_shortcode_before_footer_bottom":"","ocean_shortcode_after_footer_bottom":"","ocean_display_top_bar":"default","ocean_display_header":"default","ocean_header_style":"","ocean_center_header_left_menu":"","ocean_custom_header_template":"","ocean_custom_logo":0,"ocean_custom_retina_logo":0,"ocean_custom_logo_max_width":0,"ocean_custom_logo_tablet_max_width":0,"ocean_custom_logo_mobile_max_width":0,"ocean_custom_logo_max_height":0,"ocean_custom_logo_tablet_max_height":0,"ocean_custom_logo_mobile_max_height":0,"ocean_header_custom_menu":"","ocean_menu_typo_font_family":"","ocean_menu_typo_font_subset":"","ocean_menu_typo_font_size":0,"ocean_menu_typo_font_size_tablet":0,"ocean_menu_typo_font_size_mobile":0,"ocean_menu_typo_font_size_unit":"px","ocean_menu_typo_font_weight":"","ocean_menu_typo_font_weight_tablet":"","ocean_menu_typo_font_weight_mobile":"","ocean_menu_typo_transform":"","ocean_menu_typo_transform_tablet":"","ocean_menu_typo_transform_mobile":"","ocean_menu_typo_line_height":0,"ocean_menu_typo_line_height_tablet":0,"ocean_menu_typo_line_height_mobile":0,"ocean_menu_typo_line_height_unit":"","ocean_menu_typo_spacing":0,"ocean_menu_typo_spacing_tablet":0,"ocean_menu_typo_spacing_mobile":0,"ocean_menu_typo_spacing_unit":"","ocean_menu_link_color":"","ocean_menu_link_color_hover":"","ocean_menu_link_color_active":"","ocean_menu_link_background":"","ocean_menu_link_hover_background":"","ocean_menu_link_active_background":"","ocean_menu_social_links_bg":"","ocean_menu_social_hover_links_bg":"","ocean_menu_social_links_color":"","ocean_menu_social_hover_links_color":"","ocean_disable_title":"default","ocean_disable_heading":"default","ocean_post_title":"","ocean_post_subheading":"","ocean_post_title_style":"","ocean_post_title_background_color":"","ocean_post_title_background":0,"ocean_post_title_bg_image_position":"","ocean_post_title_bg_image_attachment":"","ocean_post_title_bg_image_repeat":"","ocean_post_title_bg_image_size":"","ocean_post_title_height":0,"ocean_post_title_bg_overlay":0.5,"ocean_post_title_bg_overlay_color":"","ocean_disable_breadcrumbs":"default","ocean_breadcrumbs_color":"","ocean_breadcrumbs_separator_color":"","ocean_breadcrumbs_links_color":"","ocean_breadcrumbs_links_hover_color":"","ocean_display_footer_widgets":"default","ocean_display_footer_bottom":"default","ocean_custom_footer_template":"","footnotes":""},"class_list":["post-29","page","type-page","status-publish","hentry","entry"],"_links":{"self":[{"href":"https:\/\/ini-hl-land.de\/index.php?rest_route=\/wp\/v2\/pages\/29","targetHints":{"allow":["GET"]}}],"collection":[{"href":"https:\/\/ini-hl-land.de\/index.php?rest_route=\/wp\/v2\/pages"}],"about":[{"href":"https:\/\/ini-hl-land.de\/index.php?rest_route=\/wp\/v2\/types\/page"}],"author":[{"embeddable":true,"href":"https:\/\/ini-hl-land.de\/index.php?rest_route=\/wp\/v2\/users\/3"}],"replies":[{"embeddable":true,"href":"https:\/\/ini-hl-land.de\/index.php?rest_route=%2Fwp%2Fv2%2Fcomments&post=29"}],"version-history":[{"count":4,"href":"https:\/\/ini-hl-land.de\/index.php?rest_route=\/wp\/v2\/pages\/29\/revisions"}],"predecessor-version":[{"id":1616,"href":"https:\/\/ini-hl-land.de\/index.php?rest_route=\/wp\/v2\/pages\/29\/revisions\/1616"}],"wp:attachment":[{"href":"https:\/\/ini-hl-land.de\/index.php?rest_route=%2Fwp%2Fv2%2Fmedia&parent=29"}],"curies":[{"name":"wp","href":"https:\/\/api.w.org\/{rel}","templated":true}]}}